{"id":1738,"date":"2020-05-19T07:54:32","date_gmt":"2020-05-19T07:54:32","guid":{"rendered":"https:\/\/www.antoniotestamusic.com\/?page_id=1738"},"modified":"2020-12-17T09:44:59","modified_gmt":"2020-12-17T09:44:59","slug":"corso-di-formazione-per-insegnanti","status":"publish","type":"page","link":"https:\/\/www.antoniotestamusic.com\/it\/antonio-testa-discografia\/corso-di-formazione-per-insegnanti\/","title":{"rendered":"Corso di formazione per insegnanti"},"content":{"rendered":"\n\n<div id=\"themify_builder_content-1738\" data-postid=\"1738\" class=\"themify_builder_content themify_builder_content-1738 themify_builder tf_clear\">\n    \t<!-- module_row -->\n\t<div   data-css_id=\"tb_pe2c593\" data-lazy=\"1\" class=\"themify_builder_row module_row repeat tb_pe2c593 tb_first clearfix\">\n\t    \t    <div class=\"row_inner col_align_top tf_box tf_w tf_rel\" >\n\t\t\t<div  data-lazy=\"1\" class=\"module_column tb-column col-full first tb_e3l2597 repeat tf_box\" >\n\t    \t    \t        <div class=\"tb-column-inner tf_box tf_w\">\n\t\t    <!-- module text -->\n<div  class=\"module module-text tb_p89q219   \" data-lazy=\"1\">\n            <div  class=\"tb_text_wrap\">\n    <p style=\"text-align: center;\"><strong>Corso di Musica per insegnanti<\/strong><\/p>    <\/div>\n<\/div>\n<!-- \/module text -->\t        <\/div>\n\t    \t<\/div>\n\t\t    <\/div>\n\t    <!-- \/row_inner -->\n\t<\/div>\n\t<!-- \/module_row -->\n\t\t<!-- module_row -->\n\t<div  data-css_id=\"tb_7jvv594\" data-lazy=\"1\" class=\"themify_builder_row module_row tb_7jvv594 clearfix\">\n\t    \t    <div class=\"row_inner col_align_top tf_box tf_w tf_rel\" >\n\t\t\t<div  data-lazy=\"1\" class=\"module_column tb-column col-full first tb_a1uv600 tf_box\">\n\t    \t    \t        <div class=\"tb-column-inner tf_box tf_w\">\n\t\t    <!-- module text -->\n<div  class=\"module module-text tb_pgny601  repeat \" data-lazy=\"1\">\n            <div  class=\"tb_text_wrap\">\n    <p class=\"p3\">Il corso di formazione sulla moderna didattica musicale per la scuola Primaria e Secondaria, si offre come primo approccio teorico-pratico al vasto universo della musica e dell&#8217;espressione creativa.<\/p>\n<p class=\"p3\">Non sono richieste conoscenze o abilit\u00e0 precedenti e si rivolge in particolare ad insegnanti e operatori del settore.<\/p>    <\/div>\n<\/div>\n<!-- \/module text -->\t        <\/div>\n\t    \t<\/div>\n\t\t    <\/div>\n\t    <!-- \/row_inner -->\n\t<\/div>\n\t<!-- \/module_row -->\n\t\t<!-- module_row -->\n\t<div   data-css_id=\"tb_im63594\" data-lazy=\"1\" class=\"themify_builder_row module_row repeat tb_im63594 clearfix\">\n\t    \t    <div class=\"row_inner col_align_top tf_box tf_w tf_rel\" >\n\t\t\t<div  data-lazy=\"1\" class=\"module_column tb-column col-full first tb_ezn8602 tf_box\">\n\t    \t    \t        <div class=\"tb-column-inner tf_box tf_w\">\n\t\t    <!-- module plain text -->\n<div data-lazy=\"1\"  class=\"module module-plain-text tb_nnlt602 \" data-lazy=\"1\">\n        <div class=\"tb_text_wrap\" >\n\t    <\/div>\n<\/div>\n<!-- \/module plain text --><!-- module accordion -->\n<div  class=\"module module-accordion tb_qchq602 \" data-behavior=\"toggle\" data-lazy=\"1\">\n        \n    <ul class=\"ui module-accordion plus-icon-button  tb_default_color\">\n\t\t    <li>\n\t\t\t<div class=\"accordion-title tf_rel\">\n\t\t\t\t<a href=\"#acc-qchq602-0\" aria-controls=\"acc-qchq602-0\" aria-expanded=\"false\">\n\t\t\t\t<i class=\"accordion-icon\"><svg class=\"tf_fa tf-fas-hand-o-up\"><use href=\"#tf-fas-hand-o-up\"><\/use><\/svg><\/i>\t\t\t\t<i class=\"accordion-active-icon tf_hide\"><svg class=\"tf_fa tf-fas-hand-o-up\"><use href=\"#tf-fas-hand-o-up\"><\/use><\/svg><\/i>\t\t\t\t<span class=\"tb_title_accordion tf_w\">Corso di Musica per Insegnanti<\/span>\n\t\t\t\t<\/a>\n\t\t\t<\/div><!-- .accordion-title -->\n\n\t\t\t<div data-id=\"acc-qchq602-0\" aria-hidden=\"true\" class=\"accordion-content tf_hide\">\n\n\t\t\t\t\t\t\t\t\t<div\n\t\t\t\t\t\tclass=\"tb_text_wrap\"\n\t\t\t\t\t\t\t\t\t\t\t>\n\t\t\t\t\t\t<div class=\"themify_builder_row module_row clearfix repeat module_row_2 themify_builder_1685_row module_row_1685-2\">\n<div class=\"row_inner \">\n<div class=\"tb-column col-full first module_column tb_1685_column module_column_0 module_column_1685-2-0\">\n<div class=\"tb-column-inner\">\n<div id=\"plain-text-1685-2-0-0\" class=\"module module-plain-text plain-text-1685-2-0-0 \">\n<p class=\"p3\">Il corso di formazione sulla moderna didattica musicale per la scuola Primaria e Secondaria, si offre come primo approccio teorico-pratico al vasto universo della musica e dell&#8217;espressione creativa.<\/p>\n<p class=\"p3\">Non sono richieste conoscenze o abilit\u00e0 precedenti e si rivolge in particolare ad insegnanti e operatori del settore.<\/p>\n<p class=\"p3\">La metodologia sar\u00e0 prevalentemente di tipo induttivo, globale, stimoler\u00e0 la sperimentazione, l&#8217;attivit\u00e0 pratica, l&#8217;aspetto ludico e creativo.<\/p>\n<p class=\"p3\">Questo primo ciclo di incontri ruoter\u00e0 principalmente attorno all&#8217;elemento suono, avvicinato e percepito da diversi punti e con obiettivi differenti.<\/p>\n<p class=\"p3\">Un lavoro dapprima informale quindi, ma essenziale che aprir\u00e0 tutto un mondo da eplorare, sentire, vivere.<\/p>\n<p class=\"p3\">Sar\u00e0 un lavoro che riguarda le tecniche strumentali ed esspressive, la sonorizzazione, i parametri del suono, l&#8217;imitazione dei rumori e suoni della natura e di diversi ambienti, nonch\u00e8 la costruzione di semplici strumenti musicali utilizzando materiale riciclato.<\/p>\n<p class=\"p3\"><span class=\"s1\"><b>Elenco dei corsi di formazione:<\/b><\/span><\/p>\n<p class=\"p3\"><i>Propedeutica musicale<\/i><\/p>\n<p class=\"p3\"><i>Musicoterapia<\/i><\/p>\n<p class=\"p3\"><i>Avvio alle percussioni<\/i><\/p>\n<p class=\"p3\"><i>Il suono racconta<\/i><\/p>\n<p class=\"p3\"><i>Arte del riciclaggio<\/i><\/p>\n<ol class=\"ol1\">\n<li class=\"li3\"><b>Durata:<\/b> dai 10\/30 incontri di 2 ore ciascuno.<\/li>\n<li class=\"li3\"><b>Destinatari:<\/b> insegnanti e operatori della scuola Infanzia, Primaria e Secondaria.<\/li>\n<li class=\"li5\"><b>Osservazioni:<\/b> n\u00b0 massimo di partecipanti : 25 persone.<\/li>\n<li class=\"li5\"><b>Spazio:<\/b> aula o palestra<\/li>\n<li class=\"li5\">Si pu\u00f2 richiedere il progetto per intero.<\/li>\n<\/ol>\n<\/div>\n<\/div>\n<\/div>\n<\/div>\n<\/div>\t\t\t\t\t<\/div>\n\t\t\t\t\n\t\t\t<\/div><!-- .accordion-content -->\n\t    <\/li>\n\t    <\/ul>\n\n<\/div><!-- \/module accordion -->\t        <\/div>\n\t    \t<\/div>\n\t\t    <\/div>\n\t    <!-- \/row_inner -->\n\t<\/div>\n\t<!-- \/module_row -->\n\t\t<!-- module_row -->\n\t<div  data-css_id=\"tb_qqnt595\" data-lazy=\"1\" class=\"themify_builder_row module_row tb_qqnt595 clearfix\">\n\t    \t    <div class=\"row_inner col_align_top tf_box tf_w tf_rel\" >\n\t\t\t<div  data-lazy=\"1\" class=\"module_column tb-column col-full first tb_g7we602 tf_box\">\n\t    \t    \t        <div class=\"tb-column-inner tf_box tf_w\">\n\t\t    <!-- module plain text -->\n<div data-lazy=\"1\"  class=\"module module-plain-text tb_d4py602 \" data-lazy=\"1\">\n        <div class=\"tb_text_wrap\" >\n\t    <\/div>\n<\/div>\n<!-- \/module plain text --><!-- module gallery -->\n<div  class=\"module gallery module-gallery tb_x384602 layout-slider rounded drop-shadow \" data-lazy=\"1\">\n                        <div class=\"themify_builder_slider_vertical tf_rel\">\n    <div class=\"swiper-container tf_carousel themify_builder_slider themify_builder_slider_vertical tf_rel tf_overflow\"\n\tdata-pager=\"0\"\n\t data-lazy=\"1\"\t\t\tdata-thumbs=\"tb_x384602_thumbs\"\n\t\tdata-effect=\"fade\" \n\t\tdata-css_url=\"https:\/\/www.antoniotestamusic.com\/wp-content\/themes\/themify-ultra\/themify\/themify-builder\/css\/modules\/sliders\/carousel.css,https:\/\/www.antoniotestamusic.com\/wp-content\/themes\/themify-ultra\/themify\/themify-builder\/css\/modules\/sliders\/gallery.css\"\n\t\t\t\tdata-auto=\"5\"\n\t\tdata-pause_hover=\"0\"\n\t\t\t\tdata-speed=\"1\"\n\tdata-wrapvar=\"1\"\n\tdata-slider_nav=\"1\"\n\tdata-height=\"variable\"\n\t>\n\t<div class=\"swiper-wrapper tf_lazy tf_rel tf_w tf_h tf_textc\">\n\t\t\t\t\t<div class=\"swiper-slide\">\n\t\t\t<div class=\"slide-inner-wrap\">\n\t\t\t\t<div class=\"tf_lazy slide-image gallery-icon\"><a href=\"https:\/\/www.antoniotestamusic.com\/wp-content\/uploads\/2020\/04\/2019-Florence-Music-workshops.jpg\" class=\"themify_lightbox\"><img loading=\"lazy\" width=\"800\" height=\"600\" src=\"https:\/\/www.antoniotestamusic.com\/wp-content\/uploads\/2020\/04\/2019-Florence-Music-workshops.jpg\" class=\"wp-post-image wp-image-998\" title=\"2019 Firenze laboratori musicali\" data-tf-not-load=\"1\" alt=\"2019 Firenze laboratori musicali\" srcset=\"https:\/\/www.antoniotestamusic.com\/wp-content\/uploads\/2020\/04\/2019-Florence-Music-workshops.jpg 800w, https:\/\/www.antoniotestamusic.com\/wp-content\/uploads\/2020\/04\/2019-Florence-Music-workshops-300x225.jpg 300w, https:\/\/www.antoniotestamusic.com\/wp-content\/uploads\/2020\/04\/2019-Florence-Music-workshops-768x576.jpg 768w, https:\/\/www.antoniotestamusic.com\/wp-content\/uploads\/2020\/04\/2019-Florence-Music-workshops-400x300.jpg 400w, https:\/\/www.antoniotestamusic.com\/wp-content\/uploads\/2020\/04\/2019-Florence-Music-workshops-533x400.jpg 533w\" sizes=\"(max-width: 800px) 100vw, 800px\" \/><\/a>\t\t\t\t<\/div>\n\t\t\t\t\t\t\t\t\t<div class=\"slide-content\">\n\t\t\t\t\t\t<h3 class=\"slide-title\">2019 Firenze laboratori musicali<\/h3>\t\t\t\t\t<\/div><!-- \/slide-content -->\n\t\t\t\t\t\t\t<\/div><\/div>\n\t\t\t\t\t<div class=\"swiper-slide\">\n\t\t\t<div class=\"slide-inner-wrap\">\n\t\t\t\t<div class=\"tf_lazy slide-image gallery-icon\"><a href=\"https:\/\/www.antoniotestamusic.com\/wp-content\/uploads\/2020\/04\/1994-Lesmo-Music-concert.jpg\" class=\"themify_lightbox\"><img loading=\"lazy\" width=\"800\" height=\"600\" src=\"https:\/\/www.antoniotestamusic.com\/wp-content\/uploads\/2020\/04\/1994-Lesmo-Music-concert.jpg\" class=\"wp-post-image wp-image-975\" title=\"1994 Lesmo Music concerto\" data-tf-not-load=\"1\" alt=\"1994 Lesmo Music concerto\" srcset=\"https:\/\/www.antoniotestamusic.com\/wp-content\/uploads\/2020\/04\/1994-Lesmo-Music-concert.jpg 800w, https:\/\/www.antoniotestamusic.com\/wp-content\/uploads\/2020\/04\/1994-Lesmo-Music-concert-300x225.jpg 300w, https:\/\/www.antoniotestamusic.com\/wp-content\/uploads\/2020\/04\/1994-Lesmo-Music-concert-768x576.jpg 768w, https:\/\/www.antoniotestamusic.com\/wp-content\/uploads\/2020\/04\/1994-Lesmo-Music-concert-4x3.jpg 4w, https:\/\/www.antoniotestamusic.com\/wp-content\/uploads\/2020\/04\/1994-Lesmo-Music-concert-400x300.jpg 400w, https:\/\/www.antoniotestamusic.com\/wp-content\/uploads\/2020\/04\/1994-Lesmo-Music-concert-533x400.jpg 533w\" sizes=\"(max-width: 800px) 100vw, 800px\" \/><\/a>\t\t\t\t<\/div>\n\t\t\t\t\t\t\t\t\t<div class=\"slide-content\">\n\t\t\t\t\t\t<h3 class=\"slide-title\">1994 Lesmo Music concerto<\/h3>\t\t\t\t\t<\/div><!-- \/slide-content -->\n\t\t\t\t\t\t\t<\/div><\/div>\n\t\t\t\t\t<div class=\"swiper-slide\">\n\t\t\t<div class=\"slide-inner-wrap\">\n\t\t\t\t<div class=\"tf_lazy slide-image gallery-icon\"><a href=\"https:\/\/www.antoniotestamusic.com\/wp-content\/uploads\/2020\/04\/2014-London-Hackney-Music-festival.jpg\" class=\"themify_lightbox\"><img loading=\"lazy\" width=\"800\" height=\"600\" src=\"https:\/\/www.antoniotestamusic.com\/wp-content\/uploads\/2020\/04\/2014-London-Hackney-Music-festival.jpg\" class=\"wp-post-image wp-image-986\" title=\"2014 London concerto di musica\" data-tf-not-load=\"1\" alt=\"2014 London concerto di musica\" srcset=\"https:\/\/www.antoniotestamusic.com\/wp-content\/uploads\/2020\/04\/2014-London-Hackney-Music-festival.jpg 800w, https:\/\/www.antoniotestamusic.com\/wp-content\/uploads\/2020\/04\/2014-London-Hackney-Music-festival-300x225.jpg 300w, https:\/\/www.antoniotestamusic.com\/wp-content\/uploads\/2020\/04\/2014-London-Hackney-Music-festival-768x576.jpg 768w, https:\/\/www.antoniotestamusic.com\/wp-content\/uploads\/2020\/04\/2014-London-Hackney-Music-festival-400x300.jpg 400w, https:\/\/www.antoniotestamusic.com\/wp-content\/uploads\/2020\/04\/2014-London-Hackney-Music-festival-533x400.jpg 533w\" sizes=\"(max-width: 800px) 100vw, 800px\" \/><\/a>\t\t\t\t<\/div>\n\t\t\t\t\t\t\t\t\t<div class=\"slide-content\">\n\t\t\t\t\t\t<h3 class=\"slide-title\">2014 London concerto di musica<\/h3>\t\t\t\t\t<\/div><!-- \/slide-content -->\n\t\t\t\t\t\t\t<\/div><\/div>\n\t\t\t\t\t<div class=\"swiper-slide\">\n\t\t\t<div class=\"slide-inner-wrap\">\n\t\t\t\t<div class=\"tf_lazy slide-image gallery-icon\"><a href=\"https:\/\/www.antoniotestamusic.com\/wp-content\/uploads\/2020\/04\/1998-Milan-Music-workshops.jpg\" class=\"themify_lightbox\"><img loading=\"lazy\" width=\"800\" height=\"600\" src=\"https:\/\/www.antoniotestamusic.com\/wp-content\/uploads\/2020\/04\/1998-Milan-Music-workshops.jpg\" class=\"wp-post-image wp-image-978\" title=\"1998 Milan laboratori musicali\" data-tf-not-load=\"1\" alt=\"1998 Milan laboratori musicali\" srcset=\"https:\/\/www.antoniotestamusic.com\/wp-content\/uploads\/2020\/04\/1998-Milan-Music-workshops.jpg 800w, https:\/\/www.antoniotestamusic.com\/wp-content\/uploads\/2020\/04\/1998-Milan-Music-workshops-300x225.jpg 300w, https:\/\/www.antoniotestamusic.com\/wp-content\/uploads\/2020\/04\/1998-Milan-Music-workshops-768x576.jpg 768w, https:\/\/www.antoniotestamusic.com\/wp-content\/uploads\/2020\/04\/1998-Milan-Music-workshops-400x300.jpg 400w, https:\/\/www.antoniotestamusic.com\/wp-content\/uploads\/2020\/04\/1998-Milan-Music-workshops-533x400.jpg 533w\" sizes=\"(max-width: 800px) 100vw, 800px\" \/><\/a>\t\t\t\t<\/div>\n\t\t\t\t\t\t\t\t\t<div class=\"slide-content\">\n\t\t\t\t\t\t<h3 class=\"slide-title\">1998 Milan laboratori musicali<\/h3>\t\t\t\t\t<\/div><!-- \/slide-content -->\n\t\t\t\t\t\t\t<\/div><\/div>\n\t\t\t<\/div>\n<\/div>\n            <\/div>\n    \n<\/div>\n<!-- \/module gallery -->\n\t        <\/div>\n\t    \t<\/div>\n\t\t    <\/div>\n\t    <!-- \/row_inner -->\n\t<\/div>\n\t<!-- \/module_row -->\n\t\t<!-- module_row -->\n\t<div   data-css_id=\"tb_796a595\" data-lazy=\"1\" class=\"themify_builder_row module_row repeat tb_796a595 clearfix hide-desktop hide-tablet hide-mobile\">\n\t    \t    <div class=\"row_inner col_align_top tf_box tf_w tf_rel\" >\n\t\t\t<div  data-lazy=\"1\" class=\"module_column tb-column col3-1 first tb_tywp604 tf_box\">\n\t    \t    \t<\/div>\n\t\t<div  data-lazy=\"1\" class=\"module_column tb-column col3-1 middle tb_pw42604 tf_box\">\n\t    \t    \t        <div class=\"tb-column-inner tf_box tf_w\">\n\t\t    <!-- module buttons -->\n<div  class=\"module module-buttons tb_uxst604 buttons-horizontal solid  xlarge tf_textc\" data-lazy=\"1\">\n            \t<div class=\"module-buttons-item tf_inline_b\">\n\t    \t\t    <a href=\"https:\/\/www.antoniotestamusic.com\/wp-content\/uploads\/2020\/04\/Workshops-Play-with-sound.pdf\" class=\"ui builder_button themify_lightbox orange\" >\n\t\t\t\t    \t\t\t<i class=\"tf_inline_b tf_vmiddle\"><svg class=\"tf_fa tf-fas-download\"><use href=\"#tf-fas-download\"><\/use><\/svg><\/i>\t\t        \t\t<span class=\"tf_inline_b tf_vmiddle\">Music Workshops for Children<\/span>\n\t\t    \t\t    \t\t    <\/a>\n\t\t        \t<\/div>\n\t    <\/div>\n<!-- \/module buttons -->\n\t        <\/div>\n\t    \t<\/div>\n\t\t<div  data-lazy=\"1\" class=\"module_column tb-column col3-1 last tb_1e9c604 tf_box\">\n\t    \t    \t<\/div>\n\t\t    <\/div>\n\t    <!-- \/row_inner -->\n\t<\/div>\n\t<!-- \/module_row -->\n\t<\/div>\n\n","protected":false},"excerpt":{"rendered":"<p>Corso di Musica per insegnanti Il corso di formazione sulla moderna didattica musicale per la scuola Primaria e Secondaria, si offre come primo approccio teorico-pratico al vasto universo della musica e dell&#8217;espressione creativa. Non sono richieste conoscenze o abilit\u00e0 precedenti e si rivolge in particolare ad insegnanti e operatori del settore. Corso di Musica per [&hellip;]<\/p>\n","protected":false},"author":1,"featured_media":0,"parent":1606,"menu_order":0,"comment_status":"closed","ping_status":"closed","template":"","meta":[],"builder_content":"<p style=\"text-align: center;\"><strong>Corso di Musica per insegnanti<\/strong><\/p>\n<p>Il corso di formazione sulla moderna didattica musicale per la scuola Primaria e Secondaria, si offre come primo approccio teorico-pratico al vasto universo della musica e dell'espressione creativa.<\/p> <p>Non sono richieste conoscenze o abilit\u00e0 precedenti e si rivolge in particolare ad insegnanti e operatori del settore.<\/p>\n\n<ul><li><h4>Corso di Musica per Insegnanti<\/h4>\n<p>Il corso di formazione sulla moderna didattica musicale per la scuola Primaria e Secondaria, si offre come primo approccio teorico-pratico al vasto universo della musica e dell'espressione creativa.<\/p> <p>Non sono richieste conoscenze o abilit\u00e0 precedenti e si rivolge in particolare ad insegnanti e operatori del settore.<\/p> <p>La metodologia sar\u00e0 prevalentemente di tipo induttivo, globale, stimoler\u00e0 la sperimentazione, l'attivit\u00e0 pratica, l'aspetto ludico e creativo.<\/p> <p>Questo primo ciclo di incontri ruoter\u00e0 principalmente attorno all'elemento suono, avvicinato e percepito da diversi punti e con obiettivi differenti.<\/p> <p>Un lavoro dapprima informale quindi, ma essenziale che aprir\u00e0 tutto un mondo da eplorare, sentire, vivere.<\/p> <p>Sar\u00e0 un lavoro che riguarda le tecniche strumentali ed esspressive, la sonorizzazione, i parametri del suono, l'imitazione dei rumori e suoni della natura e di diversi ambienti, nonch\u00e8 la costruzione di semplici strumenti musicali utilizzando materiale riciclato.<\/p> <p><b>Elenco dei corsi di formazione:<\/b><\/p> <p><i>Propedeutica musicale<\/i><\/p> <p><i>Musicoterapia<\/i><\/p> <p><i>Avvio alle percussioni<\/i><\/p> <p><i>Il suono racconta<\/i><\/p> <p><i>Arte del riciclaggio<\/i><\/p> <ol> <li><b>Durata:<\/b> dai 10\/30 incontri di 2 ore ciascuno.<\/li> <li><b>Destinatari:<\/b> insegnanti e operatori della scuola Infanzia, Primaria e Secondaria.<\/li> <li><b>Osservazioni:<\/b> n\u00b0 massimo di partecipanti : 25 persone.<\/li> <li><b>Spazio:<\/b> aula o palestra<\/li> <li>Si pu\u00f2 richiedere il progetto per intero.<\/li> <\/ol>\n<\/li><\/ul>\n\n[gallery ids=\"998,975,986,978\"]\n<a href=\"https:\/\/www.antoniotestamusic.com\/wp-content\/uploads\/2020\/04\/Workshops-Play-with-sound.pdf\" > <i><svg><use href=\"#tf-fas-download\"><\/use><\/svg><\/i> Music Workshops for Children <\/a>","_links":{"self":[{"href":"https:\/\/www.antoniotestamusic.com\/it\/wp-json\/wp\/v2\/pages\/1738"}],"collection":[{"href":"https:\/\/www.antoniotestamusic.com\/it\/wp-json\/wp\/v2\/pages"}],"about":[{"href":"https:\/\/www.antoniotestamusic.com\/it\/wp-json\/wp\/v2\/types\/page"}],"author":[{"embeddable":true,"href":"https:\/\/www.antoniotestamusic.com\/it\/wp-json\/wp\/v2\/users\/1"}],"replies":[{"embeddable":true,"href":"https:\/\/www.antoniotestamusic.com\/it\/wp-json\/wp\/v2\/comments?post=1738"}],"version-history":[{"count":45,"href":"https:\/\/www.antoniotestamusic.com\/it\/wp-json\/wp\/v2\/pages\/1738\/revisions"}],"predecessor-version":[{"id":3474,"href":"https:\/\/www.antoniotestamusic.com\/it\/wp-json\/wp\/v2\/pages\/1738\/revisions\/3474"}],"up":[{"embeddable":true,"href":"https:\/\/www.antoniotestamusic.com\/it\/wp-json\/wp\/v2\/pages\/1606"}],"wp:attachment":[{"href":"https:\/\/www.antoniotestamusic.com\/it\/wp-json\/wp\/v2\/media?parent=1738"}],"curies":[{"name":"wp","href":"https:\/\/api.w.org\/{rel}","templated":true}]}}